{"id":288,"date":"2025-08-14T12:13:37","date_gmt":"2025-08-14T17:13:37","guid":{"rendered":"https:\/\/eldiarioactual.com\/?page_id=288"},"modified":"2025-08-14T12:13:37","modified_gmt":"2025-08-14T17:13:37","slug":"quienes-somos","status":"publish","type":"page","link":"https:\/\/eldiarioactual.com\/index.php\/quienes-somos\/","title":{"rendered":"Quienes Somos"},"content":{"rendered":"<p>En <a href=\"https:\/\/eldiarioactual.com\/\"><strong>eldiarioactual.com<\/strong><\/a>, somos m\u00e1s que un simple espacio digital; somos una plataforma en constante evoluci\u00f3n, dedicada a la creaci\u00f3n de contenido transparente y accesible. Nuestra misi\u00f3n consiste en crear contenido que tenga un impacto, aporte valor y propicie una comprensi\u00f3n m\u00e1s profunda de la realidad.<\/p>\n<p>Nos gu\u00eda la convicci\u00f3n de que la lectura cr\u00edtica es un pilar fundamental para una sociedad informada. Por ello, nos comprometemos a ofrecer un an\u00e1lisis libre de sensacionalismo, enfoc\u00e1ndonos en los hechos y en un dise\u00f1o minimalista que respeta tu tiempo y tu atenci\u00f3n. La sinceridad es nuestro norte y la pertinencia nuestra meta, asegurando que cada parte del contenido sea directa, sencilla y sin ambiciones superfluas.<\/p>\n<p>Este portal es una iniciativa completamente independiente. Aclaramos que no tenemos ninguna relaci\u00f3n ni v\u00ednculo institucional con las entidades que mencionamos en nuestro contenido. Nuestra funci\u00f3n principal es meramente informativa: buscamos facilitar el acceso a datos, requisitos, fechas y procesos de diversas organizaciones, brindando informaci\u00f3n de primera mano de forma clara y organizada.<\/p>\n","protected":false},"excerpt":{"rendered":"<p>En eldiarioactual.com, somos m\u00e1s que un simple espacio digital; somos una plataforma en constante evoluci\u00f3n, dedicada a la creaci\u00f3n de contenido transparente y accesible. Nuestra<\/p>\n","protected":false},"author":1,"featured_media":291,"parent":0,"menu_order":0,"comment_status":"closed","ping_status":"closed","template":"","meta":{"footnotes":""},"class_list":["post-288","page","type-page","status-publish","has-post-thumbnail","hentry"],"_links":{"self":[{"href":"https:\/\/eldiarioactual.com\/index.php\/wp-json\/wp\/v2\/pages\/288","targetHints":{"allow":["GET"]}}],"collection":[{"href":"https:\/\/eldiarioactual.com\/index.php\/wp-json\/wp\/v2\/pages"}],"about":[{"href":"https:\/\/eldiarioactual.com\/index.php\/wp-json\/wp\/v2\/types\/page"}],"author":[{"embeddable":true,"href":"https:\/\/eldiarioactual.com\/index.php\/wp-json\/wp\/v2\/users\/1"}],"replies":[{"embeddable":true,"href":"https:\/\/eldiarioactual.com\/index.php\/wp-json\/wp\/v2\/comments?post=288"}],"version-history":[{"count":3,"href":"https:\/\/eldiarioactual.com\/index.php\/wp-json\/wp\/v2\/pages\/288\/revisions"}],"predecessor-version":[{"id":292,"href":"https:\/\/eldiarioactual.com\/index.php\/wp-json\/wp\/v2\/pages\/288\/revisions\/292"}],"wp:featuredmedia":[{"embeddable":true,"href":"https:\/\/eldiarioactual.com\/index.php\/wp-json\/wp\/v2\/media\/291"}],"wp:attachment":[{"href":"https:\/\/eldiarioactual.com\/index.php\/wp-json\/wp\/v2\/media?parent=288"}],"curies":[{"name":"wp","href":"https:\/\/api.w.org\/{rel}","templated":true}]}}