{"id":280,"date":"2025-08-14T11:21:58","date_gmt":"2025-08-14T16:21:58","guid":{"rendered":"https:\/\/eldiarioactual.com\/?page_id=280"},"modified":"2025-08-14T11:22:54","modified_gmt":"2025-08-14T16:22:54","slug":"politica-de-privacidad","status":"publish","type":"page","link":"https:\/\/eldiarioactual.com\/index.php\/politica-de-privacidad\/","title":{"rendered":"Politica de Privacidad"},"content":{"rendered":"<p><strong><a href=\"https:\/\/eldiarioactual.com\/\">https:\/\/eldiarioactual.com\/<\/a> <\/strong>desde este momento El RESPONSABLE, en su calidad de encargado del manejo de los datos personales del Usuario, le comunica que estos datos ser\u00e1n manejados seg\u00fan lo establecido en el Reglamento (UE) 2016\/679 del 27 de abril de 2016 (GDPR), el cual se refiere a la protecci\u00f3n de personas f\u00edsicas en relaci\u00f3n con el tratamiento de datos personales y a la libre circulaci\u00f3n de estos. Por ello, se le proporciona la siguiente informaci\u00f3n sobre el proceso:<\/p>\n<h2><strong>1. Finalizaci\u00f3n del tratamiento: <\/strong><\/h2>\n<p>Conservar un v\u00ednculo comercial con el usuario. Las operaciones que se planean para llevar a cabo el tratamiento son:<\/p>\n<ul>\n<li>Tramitar encargos, solicitudes o cualquier clase de petici\u00f3n que el usuario realice por medio de cualquiera de los m\u00e9todos de contacto disponibles.<\/li>\n<\/ul>\n<p><strong>Criterios de conservaci\u00f3n de los datos:<\/strong> Se conservar\u00e1n mientras haya un inter\u00e9s mutuo en mantener el prop\u00f3sito del tratamiento y se eliminar\u00e1n cuando ya no sea necesario para dicho fin, utilizando medidas de seguridad apropiadas que aseguren la seudonimizaci\u00f3n o eliminaci\u00f3n total de los datos.<\/p>\n<p><strong>Comunicaci\u00f3n de datos:<\/strong> A menos que sea requerido por ley, no compartiremos los datos con terceros.<\/p>\n<h3><strong>Derechos que asisten al Usuario:<\/strong><\/h3>\n<ul>\n<li>Derecho a eliminar su consentimiento en cualquier instante.<\/li>\n<li>Derecho a la portabilidad, acceso, rectificaci\u00f3n y eliminaci\u00f3n de sus datos, as\u00ed como a restringir oponerse al tratamiento de estos.<\/li>\n<li>El derecho a presentar una queja ante la autoridad de control (agpd.es) si se considera que el tratamiento no cumple con las leyes actuales.<\/li>\n<\/ul>\n<h3><strong>Datos de contacto para ejercer sus derechos:<\/strong><\/h3>\n<p><a href=\"https:\/\/eldiarioactual.com\/\">https:\/\/eldiarioactual.com\/<\/a> o en la direcci\u00f3n de correo electr\u00f3nico eldiarioactual@gmail.com<\/p>\n<h2><strong>2. CAR\u00c1CTER OBLIGATORIO O FACULTATIVO DE LA INFORMACI\u00d3N FACILITADA POR EL USUARIO<\/strong><\/h2>\n<p>Los usuarios, al marcar las casillas pertinentes y completar los campos que est\u00e1n se\u00f1alados con un asterisco (*) en los formularios de contacto, consienten expl\u00edcita y libremente que sus datos son requeridos para que el proveedor pueda atender su solicitud; la inclusi\u00f3n de datos en los otros campos es opcional. El Usuario asegura que los datos personales proporcionados al RESPONSABLE son verdaderos y se encarga de notificar cualquier cambio en ellos. El RESPONSABLE asegura y comunica a los usuarios que no se entregar\u00e1n sus datos personales a terceros bajo ninguna circunstancia. Adem\u00e1s, si en alg\u00fan caso el RESPONSABLE decide ceder datos personales, lo har\u00e1 \u00fanicamente despu\u00e9s de obtener el consentimiento expl\u00edcito, informado e inequ\u00edvoco de los usuarios. La informaci\u00f3n solicitada por medio del sitio web es obligatoria, porque se requiere para ofrecer al Usuario un servicio de alta calidad. Si no se brindan todos los datos, no se garantiza que la informaci\u00f3n y los servicios proporcionados satisfagan en su totalidad sus necesidades.<\/p>\n<h2><strong>3. MEDIDAS DE SEGURIDAD<\/strong><\/h2>\n<p>Que, de acuerdo con lo establecido en las leyes actuales sobre la protecci\u00f3n de datos personales, el RESPONSABLE est\u00e1 cumpliendo con todos los mandatos del GDPR para manejar los datos personales que le corresponden y, claramente, con los principios que se encuentran en el art\u00edculo 5 del GDPR. Estos principios establecen que los datos son tratados de forma l\u00edcita, leal y transparente respecto al interesado y son apropiados, relevantes y restringidos a lo necesario en relaci\u00f3n con sus objetivos. El RESPONSABLE asegura que ha establecido normas organizativas y t\u00e9cnicas adecuadas para implementar las medidas de seguridad definidas por el GDPR, con el prop\u00f3sito de salvaguardar los derechos y las libertades de los Usuarios y les ha notificado la informaci\u00f3n pertinente para que puedan ejercerlos.<\/p>\n","protected":false},"excerpt":{"rendered":"<p>https:\/\/eldiarioactual.com\/ desde este momento El RESPONSABLE, en su calidad de encargado del manejo de los datos personales del Usuario, le comunica que estos datos ser\u00e1n<\/p>\n","protected":false},"author":1,"featured_media":281,"parent":0,"menu_order":0,"comment_status":"closed","ping_status":"closed","template":"","meta":{"footnotes":""},"class_list":["post-280","page","type-page","status-publish","has-post-thumbnail","hentry"],"_links":{"self":[{"href":"https:\/\/eldiarioactual.com\/index.php\/wp-json\/wp\/v2\/pages\/280","targetHints":{"allow":["GET"]}}],"collection":[{"href":"https:\/\/eldiarioactual.com\/index.php\/wp-json\/wp\/v2\/pages"}],"about":[{"href":"https:\/\/eldiarioactual.com\/index.php\/wp-json\/wp\/v2\/types\/page"}],"author":[{"embeddable":true,"href":"https:\/\/eldiarioactual.com\/index.php\/wp-json\/wp\/v2\/users\/1"}],"replies":[{"embeddable":true,"href":"https:\/\/eldiarioactual.com\/index.php\/wp-json\/wp\/v2\/comments?post=280"}],"version-history":[{"count":1,"href":"https:\/\/eldiarioactual.com\/index.php\/wp-json\/wp\/v2\/pages\/280\/revisions"}],"predecessor-version":[{"id":282,"href":"https:\/\/eldiarioactual.com\/index.php\/wp-json\/wp\/v2\/pages\/280\/revisions\/282"}],"wp:featuredmedia":[{"embeddable":true,"href":"https:\/\/eldiarioactual.com\/index.php\/wp-json\/wp\/v2\/media\/281"}],"wp:attachment":[{"href":"https:\/\/eldiarioactual.com\/index.php\/wp-json\/wp\/v2\/media?parent=280"}],"curies":[{"name":"wp","href":"https:\/\/api.w.org\/{rel}","templated":true}]}}