{"id":277,"date":"2025-08-14T10:40:11","date_gmt":"2025-08-14T15:40:11","guid":{"rendered":"https:\/\/eldiarioactual.com\/?page_id=277"},"modified":"2025-08-14T12:29:58","modified_gmt":"2025-08-14T17:29:58","slug":"aviso-legal-el-diario-actual","status":"publish","type":"page","link":"https:\/\/eldiarioactual.com\/index.php\/aviso-legal-el-diario-actual\/","title":{"rendered":"Aviso Legal"},"content":{"rendered":"<p>El responsable del sitio web <a href=\"https:\/\/eldiarioactual.com\/\"><strong>https:\/\/eldiarioactual.com\/<\/strong><\/a>, en adelante denominado RESPONSABLE, pone a disposici\u00f3n de los usuarios este documento con la finalidad de acatar las obligaciones establecidas en la Ley 34\/2002, de 11 de julio, sobre servicios de comercio electr\u00f3nico y de la sociedad de la informaci\u00f3n (LSSICE), BOE N.\u00ba 166. Asimismo, busca comunicar a todos los visitantes del sitio web cu\u00e1les son sus condiciones de uso.<\/p>\n<p>Cada persona que ingrese a esta p\u00e1gina web se convierte en un usuario y se compromete a observar y cumplir estrictamente las normas aqu\u00ed establecidas, as\u00ed como cualquier otra normativa legal que sea pertinente.<\/p>\n<p><a href=\"https:\/\/eldiarioactual.com\/\"><strong>https:\/\/eldiarioactual.com\/ <\/strong><\/a>tiene el derecho de cambiar cualquier informaci\u00f3n que pueda aparecer en su p\u00e1gina web, sin necesidad de avisar o notificar a los usuarios acerca de estas obligaciones. Se considera suficiente con que la modificaci\u00f3n se publique en el sitio web de <a href=\"https:\/\/eldiarioactual.com\/\">https:\/\/eldiarioactual.com\/<\/a>.<\/p>\n<ul>\n<li><strong>Nombre de dominio<\/strong>: <a href=\"https:\/\/eldiarioactual.com\/\">https:\/\/eldiarioactual.com\/<\/a><\/li>\n<li><strong>Denominaci\u00f3n social: <\/strong>Colombia<\/li>\n<li><strong>Email:<\/strong> eldiarioactual@gmail.com|<\/li>\n<\/ul>\n<h1><strong>DERECHOS DE PROPIEDAD INTELECTUAL E INDUSTRIAL<\/strong><\/h1>\n<p>El RESPONSABLE tiene los derechos de autor sobre el sitio web, incluyendo su programaci\u00f3n, edici\u00f3n, compilaci\u00f3n y otros componentes necesarios para que funcione; as\u00ed como sus logotipos, textos y\/o gr\u00e1ficos. Si es necesario, tiene la autorizaci\u00f3n o licencia expl\u00edcita de los autores. La normativa de propiedad industrial e intelectual protege todos los contenidos del sitio web y est\u00e1n registrados en los registros p\u00fablicos pertinentes.<\/p>\n<p>La autorizaci\u00f3n escrita previa del RESPONSABLE es necesaria para la explotaci\u00f3n, reproducci\u00f3n total o parcial, distribuci\u00f3n, comercializaci\u00f3n y uso de cualquier contenido, sin importar el prop\u00f3sito para el cual se le haya destinado. El uso no autorizado con anterioridad se considera una violaci\u00f3n grave de los derechos industriales o de propiedad intelectual del autor.<\/p>\n<p>Los dise\u00f1os, logotipos, textos y\/o gr\u00e1ficos ajenos al RESPONSABLE que puedan mostrarse en la p\u00e1gina web son propiedad de sus respectivos due\u00f1os, quienes ser\u00e1n los \u00fanicos responsables de cualquier conflicto que pueda surgir en relaci\u00f3n con ellos. El responsable reconoce los derechos de propiedad intelectual e industrial correspondientes a sus titulares, y el hecho de que aparezcan o se mencionen en la p\u00e1gina web no implica que existan derechos o responsabilidades sobre ellos, ni tampoco apoyo, patrocinio o recomendaci\u00f3n por parte del responsable.<\/p>\n<p>Si desea hacer observaciones sobre cualquier posible incumplimiento de los derechos de propiedad industrial o intelectual, o acerca del contenido del sitio web, puede comunicarse por medio del correo electr\u00f3nico eldiarioactual@gmail.com<\/p>\n<h2><strong>EXENCI\u00d3N DE RESPONSABILIDADES<\/strong><\/h2>\n<p>El RESPONSABLE queda exento de responsabilidad por cualquier informaci\u00f3n que se publique en su sitio web, siempre y cuando esa informaci\u00f3n haya sido manipulada o introducida por un tercero ajeno.<\/p>\n<h2><strong>CONTENIDO DE LA WEB Y ENLACES (LINKS)<\/strong><\/h2>\n<p><a href=\"https:\/\/eldiarioactual.com\/\"><strong>https:\/\/eldiarioactual.com\/<\/strong><\/a> tiene la facultad de actualizar, cambiar o suprimir la informaci\u00f3n publicada en su sitio web, incluso puede restringir o denegar el acceso a tal informaci\u00f3n a algunos usuarios. <a href=\"https:\/\/eldiarioactual.com\/\"><strong>https:\/\/eldiarioactual.com\/<\/strong><\/a> no se hace responsable de la informaci\u00f3n que aparece en las p\u00e1ginas web de terceros a las que se puede llegar mediante &#8220;links&#8221; o enlaces desde cualquier p\u00e1gina web que sea propiedad de eldiarioactual@gmail.co. Los enlaces en las p\u00e1ginas web de <a href=\"https:\/\/eldiarioactual.com\/\"><strong>https:\/\/eldiarioactual.com\/<\/strong><\/a> tienen una finalidad \u00fanicamente informativa y no constituyen, en ninguna circunstancia, invitaci\u00f3n, recomendaci\u00f3n o sugerencia sobre estos.<\/p>\n","protected":false},"excerpt":{"rendered":"<p>El responsable del sitio web https:\/\/eldiarioactual.com\/, en adelante denominado RESPONSABLE, pone a disposici\u00f3n de los usuarios este documento con la finalidad de acatar las obligaciones<\/p>\n","protected":false},"author":1,"featured_media":278,"parent":0,"menu_order":0,"comment_status":"closed","ping_status":"closed","template":"","meta":{"footnotes":""},"class_list":["post-277","page","type-page","status-publish","has-post-thumbnail","hentry"],"_links":{"self":[{"href":"https:\/\/eldiarioactual.com\/index.php\/wp-json\/wp\/v2\/pages\/277","targetHints":{"allow":["GET"]}}],"collection":[{"href":"https:\/\/eldiarioactual.com\/index.php\/wp-json\/wp\/v2\/pages"}],"about":[{"href":"https:\/\/eldiarioactual.com\/index.php\/wp-json\/wp\/v2\/types\/page"}],"author":[{"embeddable":true,"href":"https:\/\/eldiarioactual.com\/index.php\/wp-json\/wp\/v2\/users\/1"}],"replies":[{"embeddable":true,"href":"https:\/\/eldiarioactual.com\/index.php\/wp-json\/wp\/v2\/comments?post=277"}],"version-history":[{"count":3,"href":"https:\/\/eldiarioactual.com\/index.php\/wp-json\/wp\/v2\/pages\/277\/revisions"}],"predecessor-version":[{"id":294,"href":"https:\/\/eldiarioactual.com\/index.php\/wp-json\/wp\/v2\/pages\/277\/revisions\/294"}],"wp:featuredmedia":[{"embeddable":true,"href":"https:\/\/eldiarioactual.com\/index.php\/wp-json\/wp\/v2\/media\/278"}],"wp:attachment":[{"href":"https:\/\/eldiarioactual.com\/index.php\/wp-json\/wp\/v2\/media?parent=277"}],"curies":[{"name":"wp","href":"https:\/\/api.w.org\/{rel}","templated":true}]}}